{"id":189,"date":"2023-11-26T23:34:20","date_gmt":"2023-11-26T20:34:20","guid":{"rendered":"https:\/\/nikromisi.com.tr\/index.php\/monoexit-kablosu\/"},"modified":"2023-12-08T01:14:42","modified_gmt":"2023-12-07T22:14:42","slug":"monoexit-kablosu","status":"publish","type":"page","link":"https:\/\/nikromisi.com.tr\/?page_id=189","title":{"rendered":"Monoexit Kablosu"},"content":{"rendered":"\n    \n    <section class=\"u-clearfix u-gradient u-section-2\" id=\"sec-3a28\">\n      <div class=\"u-clearfix u-sheet u-valign-middle-sm u-valign-middle-xs u-sheet-1\">\n        <h3 class=\"u-custom-font u-text u-text-default u-text-white u-text-1\">\n          <font style=\"vertical-align: inherit;\">\n            <font style=\"vertical-align: inherit;\">Monoexit Kablosu<\/font>\n          <\/font>\n        <\/h3><span class=\"u-file-icon u-icon u-text-white u-icon-1\" data-href=\"https:\/\/nikromisi.com.tr\/\" title=\"anasayfa\"><img decoding=\"async\" src=\"https:\/\/nikromisi.com.tr\/wp-content\/uploads\/2023\/11\/feaec0c0.png\" alt=\"\"><\/span>\n      <\/div>\n    <\/section>\n    <section class=\"u-border-1 u-border-grey-5 u-border-no-left u-border-no-right u-border-no-top u-clearfix u-section-3\" id=\"sec-7d9f\">\n      <div class=\"u-clearfix u-sheet u-sheet-1\">\n        <div class=\"custom-expanded data-layout-selected u-clearfix u-gutter-8 u-layout-wrap u-layout-wrap-1\">\n          <div class=\"u-layout\">\n            <div class=\"u-layout-row\">\n              <div class=\"u-container-style u-layout-cell u-size-30 u-layout-cell-1\">\n                <div class=\"u-border-2 u-border-grey-5 u-container-layout u-valign-middle-lg u-valign-middle-md u-valign-middle-xl u-container-layout-1\">\n                  <div data-interval=\"5000\" data-u-ride=\"carousel\" class=\"custom-expanded u-carousel u-slider u-slider-1\" id=\"carousel-4b44\">\n                    <ol class=\"u-absolute-hcenter u-carousel-indicators u-hidden u-carousel-indicators-1\">\n                      <li data-u-target=\"#carousel-4b44\" class=\"u-active u-active-custom-color-1 u-black\" data-u-slide-to=\"0\"><\/li>\n                    <\/ol>\n                    <div class=\"u-carousel-inner\" role=\"listbox\">\n                      <div class=\"u-active u-carousel-item u-container-align-center u-container-style u-image u-image-contain u-slide u-image-1\" data-image-width=\"1958\" data-image-height=\"965\" style=\"background-image: url(&quot;https:\/\/nikromisi.com.tr\/wp-content\/uploads\/2023\/11\/monoexitcable.png&quot;);\">\n                        <div class=\"u-container-layout u-container-layout-2\"><\/div>\n                      <\/div>\n                    <\/div>\n                    <a class=\"u-absolute-vcenter u-carousel-control u-carousel-control-prev u-hidden u-spacing-5 u-text-black u-carousel-control-1\" href=\"#carousel-4b44\" role=\"button\" data-u-slide=\"prev\">\n                      <span aria-hidden=\"true\">\n                        <svg viewBox=\"0 0 477.175 477.175\"><path d=\"M145.188,238.575l215.5-215.5c5.3-5.3,5.3-13.8,0-19.1s-13.8-5.3-19.1,0l-225.1,225.1c-5.3,5.3-5.3,13.8,0,19.1l225.1,225\n                    c2.6,2.6,6.1,4,9.5,4s6.9-1.3,9.5-4c5.3-5.3,5.3-13.8,0-19.1L145.188,238.575z\"><\/path><\/svg>\n                      <\/span>\n                      <span class=\"sr-only\">Previous<\/span>\n                    <\/a>\n                    <a class=\"u-absolute-vcenter u-carousel-control u-carousel-control-next u-hidden u-spacing-5 u-text-black u-carousel-control-2\" href=\"#carousel-4b44\" role=\"button\" data-u-slide=\"next\">\n                      <span aria-hidden=\"true\">\n                        <svg viewBox=\"0 0 477.175 477.175\"><path d=\"M360.731,229.075l-225.1-225.1c-5.3-5.3-13.8-5.3-19.1,0s-5.3,13.8,0,19.1l215.5,215.5l-215.5,215.5\n                    c-5.3,5.3-5.3,13.8,0,19.1c2.6,2.6,6.1,4,9.5,4c3.4,0,6.9-1.3,9.5-4l225.1-225.1C365.931,242.875,365.931,234.275,360.731,229.075z\"><\/path><\/svg>\n                      <\/span>\n                      <span class=\"sr-only\">Next<\/span>\n                    <\/a>\n                  <\/div>\n                <\/div>\n              <\/div>\n              <div class=\"u-container-style u-layout-cell u-size-30 u-layout-cell-2\">\n                <div class=\"u-container-layout u-container-layout-3\">\n                  <p class=\"u-text u-text-1\">\n                    <span style=\"font-weight: 700;\">MONOEX\u0130T KABLOSU&nbsp;<\/span>\n                    <br>\n                    <br>Bu \u00f6zel kablo,so\u011futma,iklimlendirme,akvartyum,teraryumlar,seralar ve \u00e7e\u015fitli end\u00fcstriyel uygulamalarda kullan\u0131m i\u00e7in uygundur.<br>\n                    <br>Giri\u015f\/\u00c7\u0131k\u0131\u015f kablolar\u0131n\u0131n ayn\u0131 tarafta bulundu\u011fu \u00f6zel yap\u0131s\u0131,iki ayr\u0131 ucu birbirine ba\u011flaman\u0131n m\u00fcmk\u00fcn oldu\u011fu uygulamalarda kurulum s\u00fcrelerini,kablolama maliyetlerini ve de\u011fi\u015ftirme maliyetlerini azaltmak i\u00e7in kullan\u0131lmas\u0131na olanak tan\u0131r.<br>\n                    <br>Di\u011fer u\u00e7,suya dald\u0131r\u0131lmas\u0131na izin veren vulkanizayon ile hermatik olarak kapat\u0131lm\u0131\u015ft\u0131r.Tek \u00e7\u0131k\u0131\u015fl\u0131 kablolar giderlere,borulara,radyat\u00f6rlere ve \u00e7e\u015fitli \u015fekillere komplekslere sokulabilir.<br>Farkl\u0131 konstr\u00fcksiyon tipleri mevcuttur.silikon veya PVC izolasyon metal fileli veya filesiz ve herhangi bir termostat ile yan\u0131 kablo \u00fczerinde farkl\u0131la\u015ft\u0131r\u0131lm\u0131\u015f \u00f6zg\u00fcl g\u00fc\u00e7ler&nbsp; ve \u0131s\u0131t\u0131lm\u0131\u015f k\u0131s\u0131mlar ile de yap\u0131labilir. \n                  <\/p>\n                <\/div>\n              <\/div>\n            <\/div>\n          <\/div>\n        <\/div>\n        <div class=\"u-align-right u-container-style u-expanded-width u-group u-shape-rectangle u-group-1\">\n          <div class=\"u-container-layout u-valign-middle u-container-layout-4\">\n            <p class=\"u-text u-text-custom-color-1 u-text-2\"><span class=\"u-file-icon u-icon u-text-custom-color-1 u-icon-1\"><img decoding=\"async\" src=\"https:\/\/nikromisi.com.tr\/wp-content\/uploads\/2023\/11\/41b89f6e.png\" alt=\"\"><\/span>&nbsp;Talebinize uygun \u00f6l\u00e7\u00fc ve \u015fekillerde \u00fcretim yap\u0131labilmektedir. \n            <\/p>\n          <\/div>\n        <\/div>\n      <\/div>\n    <\/section>\n    \n    \n    \n    \n  \n","protected":false},"excerpt":{"rendered":"<p>Monoexit Kablosu Previous Next MONOEX\u0130T KABLOSU&nbsp; Bu \u00f6zel kablo,so\u011futma,iklimlendirme,akvartyum,teraryumlar,seralar ve \u00e7e\u015fitli end\u00fcstriyel uygulamalarda kullan\u0131m i\u00e7in uygundur. Giri\u015f\/\u00c7\u0131k\u0131\u015f kablolar\u0131n\u0131n ayn\u0131 tarafta bulundu\u011fu \u00f6zel yap\u0131s\u0131,iki ayr\u0131 ucu birbirine ba\u011flaman\u0131n m\u00fcmk\u00fcn oldu\u011fu uygulamalarda kurulum s\u00fcrelerini,kablolama maliyetlerini ve de\u011fi\u015ftirme maliyetlerini azaltmak i\u00e7in kullan\u0131lmas\u0131na olanak tan\u0131r. Di\u011fer u\u00e7,suya dald\u0131r\u0131lmas\u0131na izin veren vulkanizayon ile hermatik olarak kapat\u0131lm\u0131\u015ft\u0131r.Tek \u00e7\u0131k\u0131\u015fl\u0131 kablolar giderlere,borulara,radyat\u00f6rlere ve &hellip; <a href=\"https:\/\/nikromisi.com.tr\/?page_id=189\" class=\"more-link\">Continue reading<span class=\"screen-reader-text\"> &#8220;Monoexit Kablosu&#8221;<\/span><\/a><\/p>\n","protected":false},"author":1,"featured_media":0,"parent":0,"menu_order":23,"comment_status":"closed","ping_status":"closed","template":"","meta":{"footnotes":""},"class_list":["post-189","page","type-page","status-publish","hentry"],"yoast_head":"<!-- This site is optimized with the Yoast SEO plugin v21.6 - https:\/\/yoast.com\/wordpress\/plugins\/seo\/ -->\n<title>Monoexit Kablosu : nikromisi.com.tr<\/title>\n<meta name=\"robots\" content=\"index, follow, max-snippet:-1, max-image-preview:large, max-video-preview:-1\" \/>\n<link rel=\"canonical\" href=\"https:\/\/nikromisi.com.tr\/?page_id=189\" \/>\n<meta property=\"og:locale\" content=\"tr_TR\" \/>\n<meta property=\"og:type\" content=\"article\" \/>\n<meta property=\"og:title\" content=\"Monoexit Kablosu : nikromisi.com.tr\" \/>\n<meta property=\"og:description\" content=\"Monoexit Kablosu Previous Next MONOEX\u0130T KABLOSU&nbsp; Bu \u00f6zel kablo,so\u011futma,iklimlendirme,akvartyum,teraryumlar,seralar ve \u00e7e\u015fitli end\u00fcstriyel uygulamalarda kullan\u0131m i\u00e7in uygundur. Giri\u015f\/\u00c7\u0131k\u0131\u015f kablolar\u0131n\u0131n ayn\u0131 tarafta bulundu\u011fu \u00f6zel yap\u0131s\u0131,iki ayr\u0131 ucu birbirine ba\u011flaman\u0131n m\u00fcmk\u00fcn oldu\u011fu uygulamalarda kurulum s\u00fcrelerini,kablolama maliyetlerini ve de\u011fi\u015ftirme maliyetlerini azaltmak i\u00e7in kullan\u0131lmas\u0131na olanak tan\u0131r. Di\u011fer u\u00e7,suya dald\u0131r\u0131lmas\u0131na izin veren vulkanizayon ile hermatik olarak kapat\u0131lm\u0131\u015ft\u0131r.Tek \u00e7\u0131k\u0131\u015fl\u0131 kablolar giderlere,borulara,radyat\u00f6rlere ve &hellip; Continue reading &quot;Monoexit Kablosu&quot;\" \/>\n<meta property=\"og:url\" content=\"https:\/\/nikromisi.com.tr\/?page_id=189\" \/>\n<meta property=\"og:site_name\" content=\"nikromisi.com.tr\" \/>\n<meta property=\"article:modified_time\" content=\"2023-12-07T22:14:42+00:00\" \/>\n<meta name=\"twitter:card\" content=\"summary_large_image\" \/>\n<meta name=\"twitter:label1\" content=\"Tahmini okuma s\u00fcresi\" \/>\n\t<meta name=\"twitter:data1\" content=\"1 dakika\" \/>\n<script type=\"application\/ld+json\" class=\"yoast-schema-graph\">{\"@context\":\"https:\/\/schema.org\",\"@graph\":[{\"@type\":\"WebPage\",\"@id\":\"https:\/\/nikromisi.com.tr\/?page_id=189\",\"url\":\"https:\/\/nikromisi.com.tr\/?page_id=189\",\"name\":\"Monoexit Kablosu : nikromisi.com.tr\",\"isPartOf\":{\"@id\":\"https:\/\/nikromisi.com.tr\/#website\"},\"datePublished\":\"2023-11-26T20:34:20+00:00\",\"dateModified\":\"2023-12-07T22:14:42+00:00\",\"breadcrumb\":{\"@id\":\"https:\/\/nikromisi.com.tr\/?page_id=189#breadcrumb\"},\"inLanguage\":\"tr\",\"potentialAction\":[{\"@type\":\"ReadAction\",\"target\":[\"https:\/\/nikromisi.com.tr\/?page_id=189\"]}]},{\"@type\":\"BreadcrumbList\",\"@id\":\"https:\/\/nikromisi.com.tr\/?page_id=189#breadcrumb\",\"itemListElement\":[{\"@type\":\"ListItem\",\"position\":1,\"name\":\"Anasayfa\",\"item\":\"https:\/\/nikromisi.com.tr\/\"},{\"@type\":\"ListItem\",\"position\":2,\"name\":\"Monoexit Kablosu\"}]},{\"@type\":\"WebSite\",\"@id\":\"https:\/\/nikromisi.com.tr\/#website\",\"url\":\"https:\/\/nikromisi.com.tr\/\",\"name\":\"nikromisi.com.tr\",\"description\":\"\u0130novatif \u00c7\u00f6z\u00fcmler\",\"publisher\":{\"@id\":\"https:\/\/nikromisi.com.tr\/#organization\"},\"potentialAction\":[{\"@type\":\"SearchAction\",\"target\":{\"@type\":\"EntryPoint\",\"urlTemplate\":\"https:\/\/nikromisi.com.tr\/?s={search_term_string}\"},\"query-input\":\"required name=search_term_string\"}],\"inLanguage\":\"tr\"},{\"@type\":\"Organization\",\"@id\":\"https:\/\/nikromisi.com.tr\/#organization\",\"name\":\"nikromisi.com.tr\",\"url\":\"https:\/\/nikromisi.com.tr\/\",\"logo\":{\"@type\":\"ImageObject\",\"inLanguage\":\"tr\",\"@id\":\"https:\/\/nikromisi.com.tr\/#\/schema\/logo\/image\/\",\"url\":\"https:\/\/nikromisi.com.tr\/wp-content\/uploads\/2023\/12\/logo-beyaz.jpg\",\"contentUrl\":\"https:\/\/nikromisi.com.tr\/wp-content\/uploads\/2023\/12\/logo-beyaz.jpg\",\"width\":530,\"height\":175,\"caption\":\"nikromisi.com.tr\"},\"image\":{\"@id\":\"https:\/\/nikromisi.com.tr\/#\/schema\/logo\/image\/\"},\"sameAs\":[\"https:\/\/www.instagram.com\/nikromisi\/\",\"https:\/\/www.linkedin.com\/company\/nikrom-is-elemanlar-san-tic-ltd-ti\/\"]}]}<\/script>\n<!-- \/ Yoast SEO plugin. -->","yoast_head_json":{"title":"Monoexit Kablosu : nikromisi.com.tr","robots":{"index":"index","follow":"follow","max-snippet":"max-snippet:-1","max-image-preview":"max-image-preview:large","max-video-preview":"max-video-preview:-1"},"canonical":"https:\/\/nikromisi.com.tr\/?page_id=189","og_locale":"tr_TR","og_type":"article","og_title":"Monoexit Kablosu : nikromisi.com.tr","og_description":"Monoexit Kablosu Previous Next MONOEX\u0130T KABLOSU&nbsp; Bu \u00f6zel kablo,so\u011futma,iklimlendirme,akvartyum,teraryumlar,seralar ve \u00e7e\u015fitli end\u00fcstriyel uygulamalarda kullan\u0131m i\u00e7in uygundur. Giri\u015f\/\u00c7\u0131k\u0131\u015f kablolar\u0131n\u0131n ayn\u0131 tarafta bulundu\u011fu \u00f6zel yap\u0131s\u0131,iki ayr\u0131 ucu birbirine ba\u011flaman\u0131n m\u00fcmk\u00fcn oldu\u011fu uygulamalarda kurulum s\u00fcrelerini,kablolama maliyetlerini ve de\u011fi\u015ftirme maliyetlerini azaltmak i\u00e7in kullan\u0131lmas\u0131na olanak tan\u0131r. Di\u011fer u\u00e7,suya dald\u0131r\u0131lmas\u0131na izin veren vulkanizayon ile hermatik olarak kapat\u0131lm\u0131\u015ft\u0131r.Tek \u00e7\u0131k\u0131\u015fl\u0131 kablolar giderlere,borulara,radyat\u00f6rlere ve &hellip; Continue reading \"Monoexit Kablosu\"","og_url":"https:\/\/nikromisi.com.tr\/?page_id=189","og_site_name":"nikromisi.com.tr","article_modified_time":"2023-12-07T22:14:42+00:00","twitter_card":"summary_large_image","twitter_misc":{"Tahmini okuma s\u00fcresi":"1 dakika"},"schema":{"@context":"https:\/\/schema.org","@graph":[{"@type":"WebPage","@id":"https:\/\/nikromisi.com.tr\/?page_id=189","url":"https:\/\/nikromisi.com.tr\/?page_id=189","name":"Monoexit Kablosu : nikromisi.com.tr","isPartOf":{"@id":"https:\/\/nikromisi.com.tr\/#website"},"datePublished":"2023-11-26T20:34:20+00:00","dateModified":"2023-12-07T22:14:42+00:00","breadcrumb":{"@id":"https:\/\/nikromisi.com.tr\/?page_id=189#breadcrumb"},"inLanguage":"tr","potentialAction":[{"@type":"ReadAction","target":["https:\/\/nikromisi.com.tr\/?page_id=189"]}]},{"@type":"BreadcrumbList","@id":"https:\/\/nikromisi.com.tr\/?page_id=189#breadcrumb","itemListElement":[{"@type":"ListItem","position":1,"name":"Anasayfa","item":"https:\/\/nikromisi.com.tr\/"},{"@type":"ListItem","position":2,"name":"Monoexit Kablosu"}]},{"@type":"WebSite","@id":"https:\/\/nikromisi.com.tr\/#website","url":"https:\/\/nikromisi.com.tr\/","name":"nikromisi.com.tr","description":"\u0130novatif \u00c7\u00f6z\u00fcmler","publisher":{"@id":"https:\/\/nikromisi.com.tr\/#organization"},"potentialAction":[{"@type":"SearchAction","target":{"@type":"EntryPoint","urlTemplate":"https:\/\/nikromisi.com.tr\/?s={search_term_string}"},"query-input":"required name=search_term_string"}],"inLanguage":"tr"},{"@type":"Organization","@id":"https:\/\/nikromisi.com.tr\/#organization","name":"nikromisi.com.tr","url":"https:\/\/nikromisi.com.tr\/","logo":{"@type":"ImageObject","inLanguage":"tr","@id":"https:\/\/nikromisi.com.tr\/#\/schema\/logo\/image\/","url":"https:\/\/nikromisi.com.tr\/wp-content\/uploads\/2023\/12\/logo-beyaz.jpg","contentUrl":"https:\/\/nikromisi.com.tr\/wp-content\/uploads\/2023\/12\/logo-beyaz.jpg","width":530,"height":175,"caption":"nikromisi.com.tr"},"image":{"@id":"https:\/\/nikromisi.com.tr\/#\/schema\/logo\/image\/"},"sameAs":["https:\/\/www.instagram.com\/nikromisi\/","https:\/\/www.linkedin.com\/company\/nikrom-is-elemanlar-san-tic-ltd-ti\/"]}]}},"_links":{"self":[{"href":"https:\/\/nikromisi.com.tr\/index.php?rest_route=\/wp\/v2\/pages\/189","targetHints":{"allow":["GET"]}}],"collection":[{"href":"https:\/\/nikromisi.com.tr\/index.php?rest_route=\/wp\/v2\/pages"}],"about":[{"href":"https:\/\/nikromisi.com.tr\/index.php?rest_route=\/wp\/v2\/types\/page"}],"author":[{"embeddable":true,"href":"https:\/\/nikromisi.com.tr\/index.php?rest_route=\/wp\/v2\/users\/1"}],"replies":[{"embeddable":true,"href":"https:\/\/nikromisi.com.tr\/index.php?rest_route=%2Fwp%2Fv2%2Fcomments&post=189"}],"version-history":[{"count":3,"href":"https:\/\/nikromisi.com.tr\/index.php?rest_route=\/wp\/v2\/pages\/189\/revisions"}],"predecessor-version":[{"id":1033,"href":"https:\/\/nikromisi.com.tr\/index.php?rest_route=\/wp\/v2\/pages\/189\/revisions\/1033"}],"wp:attachment":[{"href":"https:\/\/nikromisi.com.tr\/index.php?rest_route=%2Fwp%2Fv2%2Fmedia&parent=189"}],"curies":[{"name":"wp","href":"https:\/\/api.w.org\/{rel}","templated":true}]}}