{"id":183,"date":"2023-11-26T23:34:14","date_gmt":"2023-11-26T20:34:14","guid":{"rendered":"https:\/\/nikromisi.com.tr\/index.php\/sipiral-isiticilari\/"},"modified":"2023-12-08T01:12:08","modified_gmt":"2023-12-07T22:12:08","slug":"sipiral-isiticilari","status":"publish","type":"page","link":"https:\/\/nikromisi.com.tr\/?page_id=183","title":{"rendered":"Spiral Is\u0131t\u0131c\u0131lar"},"content":{"rendered":"\n    \n    <section class=\"u-clearfix u-gradient u-section-2\" id=\"sec-3a28\">\n      <div class=\"u-clearfix u-sheet u-valign-middle-sm u-valign-middle-xs u-sheet-1\">\n        <h3 class=\"u-custom-font u-text u-text-default u-text-white u-text-1\">\n          <font style=\"vertical-align: inherit;\">\n            <font style=\"vertical-align: inherit;\">Spiral Is\u0131t\u0131c\u0131lar\u0131<\/font>\n          <\/font>\n        <\/h3><span class=\"u-file-icon u-icon u-text-white u-icon-1\" data-href=\"https:\/\/nikromisi.com.tr\/\" title=\"anasayfa\"><img decoding=\"async\" src=\"https:\/\/nikromisi.com.tr\/wp-content\/uploads\/2023\/11\/feaec0c0.png\" alt=\"\"><\/span>\n      <\/div>\n    <\/section>\n    <section class=\"u-clearfix u-section-3\" id=\"sec-704f\">\n      <div class=\"u-clearfix u-sheet u-sheet-1\">\n        <div class=\"u-expanded-width u-list u-list-1\">\n          <div class=\"u-repeater u-repeater-1\">\n            <div class=\"u-container-style u-image u-image-contain u-list-item u-repeater-item u-shape-rectangle u-image-1\" data-image-width=\"1920\" data-image-height=\"1218\" style=\"background-image: url(&quot;https:\/\/nikromisi.com.tr\/wp-content\/uploads\/2023\/11\/Spiralrezistanslar1-1-1.jpg&quot;);\">\n              <div class=\"u-container-layout u-similar-container u-container-layout-1\"><\/div>\n            <\/div>\n            <div class=\"u-container-style u-image u-image-contain u-list-item u-repeater-item u-shape-rectangle u-image-2\" data-image-width=\"1920\" data-image-height=\"1695\" style=\"background-image: url(&quot;https:\/\/nikromisi.com.tr\/wp-content\/uploads\/2023\/11\/Spiralrezistanslar3-1-1.jpg&quot;);\">\n              <div class=\"u-container-layout u-similar-container u-container-layout-2\"><\/div>\n            <\/div>\n          <\/div>\n        <\/div>\n        <div class=\"u-align-right u-container-style u-expanded-width u-group u-shape-rectangle u-group-1\">\n          <div class=\"u-container-layout u-valign-middle u-container-layout-3\">\n            <p class=\"u-text u-text-custom-color-1 u-text-1\"><span class=\"u-file-icon u-icon u-text-custom-color-1 u-icon-1\"><img decoding=\"async\" src=\"https:\/\/nikromisi.com.tr\/wp-content\/uploads\/2023\/11\/41b89f6e.png\" alt=\"\"><\/span>&nbsp;Talebinize uygun \u00f6l\u00e7\u00fc ve \u015fekillerde \u00fcretim yap\u0131labilmektedir. \n            <\/p>\n          <\/div>\n        <\/div>\n      <\/div>\n    <\/section>\n    \n    \n    \n    \n  \n","protected":false},"excerpt":{"rendered":"<p>Spiral Is\u0131t\u0131c\u0131lar\u0131 &nbsp;Talebinize uygun \u00f6l\u00e7\u00fc ve \u015fekillerde \u00fcretim yap\u0131labilmektedir.<\/p>\n","protected":false},"author":1,"featured_media":0,"parent":0,"menu_order":17,"comment_status":"closed","ping_status":"closed","template":"","meta":{"footnotes":""},"class_list":["post-183","page","type-page","status-publish","hentry"],"yoast_head":"<!-- This site is optimized with the Yoast SEO plugin v21.6 - https:\/\/yoast.com\/wordpress\/plugins\/seo\/ -->\n<title>Spiral Is\u0131t\u0131c\u0131lar : nikromisi.com.tr<\/title>\n<meta name=\"robots\" content=\"index, follow, max-snippet:-1, max-image-preview:large, max-video-preview:-1\" \/>\n<link rel=\"canonical\" href=\"https:\/\/nikromisi.com.tr\/?page_id=183\" \/>\n<meta property=\"og:locale\" content=\"tr_TR\" \/>\n<meta property=\"og:type\" content=\"article\" \/>\n<meta property=\"og:title\" content=\"Spiral Is\u0131t\u0131c\u0131lar : nikromisi.com.tr\" \/>\n<meta property=\"og:description\" content=\"Spiral Is\u0131t\u0131c\u0131lar\u0131 &nbsp;Talebinize uygun \u00f6l\u00e7\u00fc ve \u015fekillerde \u00fcretim yap\u0131labilmektedir.\" \/>\n<meta property=\"og:url\" content=\"https:\/\/nikromisi.com.tr\/?page_id=183\" \/>\n<meta property=\"og:site_name\" content=\"nikromisi.com.tr\" \/>\n<meta property=\"article:modified_time\" content=\"2023-12-07T22:12:08+00:00\" \/>\n<meta name=\"twitter:card\" content=\"summary_large_image\" \/>\n<meta name=\"twitter:label1\" content=\"Tahmini okuma s\u00fcresi\" \/>\n\t<meta name=\"twitter:data1\" content=\"1 dakika\" \/>\n<script type=\"application\/ld+json\" class=\"yoast-schema-graph\">{\"@context\":\"https:\/\/schema.org\",\"@graph\":[{\"@type\":\"WebPage\",\"@id\":\"https:\/\/nikromisi.com.tr\/?page_id=183\",\"url\":\"https:\/\/nikromisi.com.tr\/?page_id=183\",\"name\":\"Spiral Is\u0131t\u0131c\u0131lar : nikromisi.com.tr\",\"isPartOf\":{\"@id\":\"https:\/\/nikromisi.com.tr\/#website\"},\"datePublished\":\"2023-11-26T20:34:14+00:00\",\"dateModified\":\"2023-12-07T22:12:08+00:00\",\"breadcrumb\":{\"@id\":\"https:\/\/nikromisi.com.tr\/?page_id=183#breadcrumb\"},\"inLanguage\":\"tr\",\"potentialAction\":[{\"@type\":\"ReadAction\",\"target\":[\"https:\/\/nikromisi.com.tr\/?page_id=183\"]}]},{\"@type\":\"BreadcrumbList\",\"@id\":\"https:\/\/nikromisi.com.tr\/?page_id=183#breadcrumb\",\"itemListElement\":[{\"@type\":\"ListItem\",\"position\":1,\"name\":\"Anasayfa\",\"item\":\"https:\/\/nikromisi.com.tr\/\"},{\"@type\":\"ListItem\",\"position\":2,\"name\":\"Spiral Is\u0131t\u0131c\u0131lar\"}]},{\"@type\":\"WebSite\",\"@id\":\"https:\/\/nikromisi.com.tr\/#website\",\"url\":\"https:\/\/nikromisi.com.tr\/\",\"name\":\"nikromisi.com.tr\",\"description\":\"\u0130novatif \u00c7\u00f6z\u00fcmler\",\"publisher\":{\"@id\":\"https:\/\/nikromisi.com.tr\/#organization\"},\"potentialAction\":[{\"@type\":\"SearchAction\",\"target\":{\"@type\":\"EntryPoint\",\"urlTemplate\":\"https:\/\/nikromisi.com.tr\/?s={search_term_string}\"},\"query-input\":\"required name=search_term_string\"}],\"inLanguage\":\"tr\"},{\"@type\":\"Organization\",\"@id\":\"https:\/\/nikromisi.com.tr\/#organization\",\"name\":\"nikromisi.com.tr\",\"url\":\"https:\/\/nikromisi.com.tr\/\",\"logo\":{\"@type\":\"ImageObject\",\"inLanguage\":\"tr\",\"@id\":\"https:\/\/nikromisi.com.tr\/#\/schema\/logo\/image\/\",\"url\":\"https:\/\/nikromisi.com.tr\/wp-content\/uploads\/2023\/12\/logo-beyaz.jpg\",\"contentUrl\":\"https:\/\/nikromisi.com.tr\/wp-content\/uploads\/2023\/12\/logo-beyaz.jpg\",\"width\":530,\"height\":175,\"caption\":\"nikromisi.com.tr\"},\"image\":{\"@id\":\"https:\/\/nikromisi.com.tr\/#\/schema\/logo\/image\/\"},\"sameAs\":[\"https:\/\/www.instagram.com\/nikromisi\/\",\"https:\/\/www.linkedin.com\/company\/nikrom-is-elemanlar-san-tic-ltd-ti\/\"]}]}<\/script>\n<!-- \/ Yoast SEO plugin. -->","yoast_head_json":{"title":"Spiral Is\u0131t\u0131c\u0131lar : nikromisi.com.tr","robots":{"index":"index","follow":"follow","max-snippet":"max-snippet:-1","max-image-preview":"max-image-preview:large","max-video-preview":"max-video-preview:-1"},"canonical":"https:\/\/nikromisi.com.tr\/?page_id=183","og_locale":"tr_TR","og_type":"article","og_title":"Spiral Is\u0131t\u0131c\u0131lar : nikromisi.com.tr","og_description":"Spiral Is\u0131t\u0131c\u0131lar\u0131 &nbsp;Talebinize uygun \u00f6l\u00e7\u00fc ve \u015fekillerde \u00fcretim yap\u0131labilmektedir.","og_url":"https:\/\/nikromisi.com.tr\/?page_id=183","og_site_name":"nikromisi.com.tr","article_modified_time":"2023-12-07T22:12:08+00:00","twitter_card":"summary_large_image","twitter_misc":{"Tahmini okuma s\u00fcresi":"1 dakika"},"schema":{"@context":"https:\/\/schema.org","@graph":[{"@type":"WebPage","@id":"https:\/\/nikromisi.com.tr\/?page_id=183","url":"https:\/\/nikromisi.com.tr\/?page_id=183","name":"Spiral Is\u0131t\u0131c\u0131lar : nikromisi.com.tr","isPartOf":{"@id":"https:\/\/nikromisi.com.tr\/#website"},"datePublished":"2023-11-26T20:34:14+00:00","dateModified":"2023-12-07T22:12:08+00:00","breadcrumb":{"@id":"https:\/\/nikromisi.com.tr\/?page_id=183#breadcrumb"},"inLanguage":"tr","potentialAction":[{"@type":"ReadAction","target":["https:\/\/nikromisi.com.tr\/?page_id=183"]}]},{"@type":"BreadcrumbList","@id":"https:\/\/nikromisi.com.tr\/?page_id=183#breadcrumb","itemListElement":[{"@type":"ListItem","position":1,"name":"Anasayfa","item":"https:\/\/nikromisi.com.tr\/"},{"@type":"ListItem","position":2,"name":"Spiral Is\u0131t\u0131c\u0131lar"}]},{"@type":"WebSite","@id":"https:\/\/nikromisi.com.tr\/#website","url":"https:\/\/nikromisi.com.tr\/","name":"nikromisi.com.tr","description":"\u0130novatif \u00c7\u00f6z\u00fcmler","publisher":{"@id":"https:\/\/nikromisi.com.tr\/#organization"},"potentialAction":[{"@type":"SearchAction","target":{"@type":"EntryPoint","urlTemplate":"https:\/\/nikromisi.com.tr\/?s={search_term_string}"},"query-input":"required name=search_term_string"}],"inLanguage":"tr"},{"@type":"Organization","@id":"https:\/\/nikromisi.com.tr\/#organization","name":"nikromisi.com.tr","url":"https:\/\/nikromisi.com.tr\/","logo":{"@type":"ImageObject","inLanguage":"tr","@id":"https:\/\/nikromisi.com.tr\/#\/schema\/logo\/image\/","url":"https:\/\/nikromisi.com.tr\/wp-content\/uploads\/2023\/12\/logo-beyaz.jpg","contentUrl":"https:\/\/nikromisi.com.tr\/wp-content\/uploads\/2023\/12\/logo-beyaz.jpg","width":530,"height":175,"caption":"nikromisi.com.tr"},"image":{"@id":"https:\/\/nikromisi.com.tr\/#\/schema\/logo\/image\/"},"sameAs":["https:\/\/www.instagram.com\/nikromisi\/","https:\/\/www.linkedin.com\/company\/nikrom-is-elemanlar-san-tic-ltd-ti\/"]}]}},"_links":{"self":[{"href":"https:\/\/nikromisi.com.tr\/index.php?rest_route=\/wp\/v2\/pages\/183","targetHints":{"allow":["GET"]}}],"collection":[{"href":"https:\/\/nikromisi.com.tr\/index.php?rest_route=\/wp\/v2\/pages"}],"about":[{"href":"https:\/\/nikromisi.com.tr\/index.php?rest_route=\/wp\/v2\/types\/page"}],"author":[{"embeddable":true,"href":"https:\/\/nikromisi.com.tr\/index.php?rest_route=\/wp\/v2\/users\/1"}],"replies":[{"embeddable":true,"href":"https:\/\/nikromisi.com.tr\/index.php?rest_route=%2Fwp%2Fv2%2Fcomments&post=183"}],"version-history":[{"count":4,"href":"https:\/\/nikromisi.com.tr\/index.php?rest_route=\/wp\/v2\/pages\/183\/revisions"}],"predecessor-version":[{"id":1026,"href":"https:\/\/nikromisi.com.tr\/index.php?rest_route=\/wp\/v2\/pages\/183\/revisions\/1026"}],"wp:attachment":[{"href":"https:\/\/nikromisi.com.tr\/index.php?rest_route=%2Fwp%2Fv2%2Fmedia&parent=183"}],"curies":[{"name":"wp","href":"https:\/\/api.w.org\/{rel}","templated":true}]}}